{"id":3897,"date":"2025-02-12T13:44:48","date_gmt":"2025-02-12T10:44:48","guid":{"rendered":"https:\/\/dijitalsayfam.com\/?page_id=3897"},"modified":"2025-02-12T14:10:23","modified_gmt":"2025-02-12T11:10:23","slug":"ornek-websiteleri","status":"publish","type":"page","link":"https:\/\/dijitalsayfam.com\/en\/ornek-websiteleri\/","title":{"rendered":"\u00d6rnek Websiteleri"},"content":{"rendered":"<div data-elementor-type=\"wp-page\" data-elementor-id=\"3897\" class=\"elementor elementor-3897\">\n\t\t\t\t<div class=\"elementor-element elementor-element-071b644 e-con-full e-flex e-con e-parent\" data-id=\"071b644\" data-element_type=\"container\" data-settings=\"{&quot;background_background&quot;:&quot;classic&quot;}\">\n\t\t\t\t<div class=\"elementor-element elementor-element-50c8c5a elementor-widget elementor-widget-heading\" data-id=\"50c8c5a\" data-element_type=\"widget\" data-widget_type=\"heading.default\">\n\t\t\t\t<div class=\"elementor-widget-container\">\n\t\t\t\t\t<h2 class=\"elementor-heading-title elementor-size-default\">\u00d6rnek Websitelerini \u0130nceleyin<\/h2>\t\t\t\t<\/div>\n\t\t\t\t<\/div>\n\t\t\t\t<div class=\"elementor-element elementor-element-45aff7c elementor-widget elementor-widget-text-editor\" data-id=\"45aff7c\" data-element_type=\"widget\" data-widget_type=\"text-editor.default\">\n\t\t\t\t<div class=\"elementor-widget-container\">\n\t\t\t\t\t\t\t\t\t<p>Websitenizin nas\u0131l g\u00f6z\u00fckece\u011fini g\u00f6rmek i\u00e7in a\u015fa\u011f\u0131daki \u00f6rnek siteleri inceleyebilirsiniz.<\/p>\t\t\t\t\t\t\t\t<\/div>\n\t\t\t\t<\/div>\n\t\t\t\t<div class=\"elementor-element elementor-element-f11b510 elementor-widget-divider--view-line elementor-widget elementor-widget-divider\" data-id=\"f11b510\" data-element_type=\"widget\" data-widget_type=\"divider.default\">\n\t\t\t\t<div class=\"elementor-widget-container\">\n\t\t\t\t\t\t\t<div class=\"elementor-divider\">\n\t\t\t<span class=\"elementor-divider-separator\">\n\t\t\t\t\t\t<\/span>\n\t\t<\/div>\n\t\t\t\t\t\t<\/div>\n\t\t\t\t<\/div>\n\t\t\t\t<\/div>\n\t\t<div class=\"elementor-element elementor-element-0460a65 e-flex e-con-boxed e-con e-parent\" data-id=\"0460a65\" data-element_type=\"container\">\n\t\t\t\t\t<div class=\"e-con-inner\">\n\t\t<div class=\"elementor-element elementor-element-a5b2800 e-con-full e-flex e-con e-child\" data-id=\"a5b2800\" data-element_type=\"container\">\n\t\t<div class=\"elementor-element elementor-element-c4211ac e-flex e-con-boxed e-con e-child\" data-id=\"c4211ac\" data-element_type=\"container\">\n\t\t\t\t\t<div class=\"e-con-inner\">\n\t\t<div class=\"elementor-element elementor-element-c4d773e e-flex e-con-boxed e-con e-child\" data-id=\"c4d773e\" data-element_type=\"container\">\n\t\t\t\t\t<div class=\"e-con-inner\">\n\t\t\t\t<div class=\"elementor-element elementor-element-d03923a elementor-widget elementor-widget-image\" data-id=\"d03923a\" data-element_type=\"widget\" data-widget_type=\"image.default\">\n\t\t\t\t<div class=\"elementor-widget-container\">\n\t\t\t\t\t\t\t\t\t\t\t\t\t\t\t\t<a href=\"https:\/\/dijitalsayfam.com\/en\/royal-restaurant\/\" target=\"_blank\">\n\t\t\t\t\t\t\t<img fetchpriority=\"high\" decoding=\"async\" width=\"640\" height=\"960\" src=\"https:\/\/dijitalsayfam.com\/wp-content\/uploads\/2025\/01\/pexels-kadiravsarr-20169239.jpg\" class=\"attachment-full size-full wp-image-2926\" alt=\"\" srcset=\"https:\/\/dijitalsayfam.com\/wp-content\/uploads\/2025\/01\/pexels-kadiravsarr-20169239.jpg 640w, https:\/\/dijitalsayfam.com\/wp-content\/uploads\/2025\/01\/pexels-kadiravsarr-20169239-200x300.jpg 200w\" sizes=\"(max-width: 640px) 100vw, 640px\" \/>\t\t\t\t\t\t\t\t<\/a>\n\t\t\t\t\t\t\t\t\t\t\t\t\t\t\t<\/div>\n\t\t\t\t<\/div>\n\t\t\t\t<div class=\"elementor-element elementor-element-20d1566 elementor-widget elementor-widget-image-box\" data-id=\"20d1566\" data-element_type=\"widget\" data-widget_type=\"image-box.default\">\n\t\t\t\t<div class=\"elementor-widget-container\">\n\t\t\t\t\t<div class=\"elementor-image-box-wrapper\"><div class=\"elementor-image-box-content\"><h3 class=\"elementor-image-box-title\"><a href=\"https:\/\/dijitalsayfam.com\/en\/royal-restaurant\/\" target=\"_blank\">Royal Restaurant<\/a><\/h3><p class=\"elementor-image-box-description\">Cafeler, restaurantlar, publar, oteller, e\u011flence mekanlar\u0131, kahve evleri gibi t\u00fcm sekt\u00f6rlerdeki i\u015fletmerin ve markalar\u0131n kulland\u0131\u011f\u0131 \u00f6rnek websitelerden birini inceleyebilirsiniz. \u00d6rnek websitesini incelemek i\u00e7in a\u015fa\u011f\u0131daki butona t\u0131klay\u0131n.<\/p><\/div><\/div>\t\t\t\t<\/div>\n\t\t\t\t<\/div>\n\t\t\t\t<div class=\"elementor-element elementor-element-a39a4ca elementor-align-center elementor-widget elementor-widget-button\" data-id=\"a39a4ca\" data-element_type=\"widget\" data-widget_type=\"button.default\">\n\t\t\t\t<div class=\"elementor-widget-container\">\n\t\t\t\t\t\t\t\t\t<div class=\"elementor-button-wrapper\">\n\t\t\t\t\t<a class=\"elementor-button elementor-button-link elementor-size-sm\" href=\"https:\/\/dijitalsayfam.com\/en\/royal-restaurant\/\" target=\"_blank\">\n\t\t\t\t\t\t<span class=\"elementor-button-content-wrapper\">\n\t\t\t\t\t\t\t\t\t<span class=\"elementor-button-text\">Websiteyi \u0130ncele<\/span>\n\t\t\t\t\t<\/span>\n\t\t\t\t\t<\/a>\n\t\t\t\t<\/div>\n\t\t\t\t\t\t\t\t<\/div>\n\t\t\t\t<\/div>\n\t\t\t\t\t<\/div>\n\t\t\t\t<\/div>\n\t\t<div class=\"elementor-element elementor-element-2fef4f5 e-con-full e-flex e-con e-child\" data-id=\"2fef4f5\" data-element_type=\"container\">\n\t\t\t\t<div class=\"elementor-element elementor-element-c4ff4a9 elementor-widget elementor-widget-image\" data-id=\"c4ff4a9\" data-element_type=\"widget\" data-widget_type=\"image.default\">\n\t\t\t\t<div class=\"elementor-widget-container\">\n\t\t\t\t\t\t\t\t\t\t\t\t\t\t\t\t<a href=\"https:\/\/dijitalsayfam.com\/en\/ayse-yilmaz\/\" target=\"_blank\">\n\t\t\t\t\t\t\t<img decoding=\"async\" width=\"1024\" height=\"768\" src=\"https:\/\/dijitalsayfam.com\/wp-content\/uploads\/2025\/01\/download-4.jpg\" class=\"attachment-full size-full wp-image-3197\" alt=\"\" srcset=\"https:\/\/dijitalsayfam.com\/wp-content\/uploads\/2025\/01\/download-4.jpg 1024w, https:\/\/dijitalsayfam.com\/wp-content\/uploads\/2025\/01\/download-4-300x225.jpg 300w, https:\/\/dijitalsayfam.com\/wp-content\/uploads\/2025\/01\/download-4-768x576.jpg 768w, https:\/\/dijitalsayfam.com\/wp-content\/uploads\/2025\/01\/download-4-16x12.jpg 16w\" sizes=\"(max-width: 1024px) 100vw, 1024px\" \/>\t\t\t\t\t\t\t\t<\/a>\n\t\t\t\t\t\t\t\t\t\t\t\t\t\t\t<\/div>\n\t\t\t\t<\/div>\n\t\t\t\t<div class=\"elementor-element elementor-element-f36b5e3 elementor-widget elementor-widget-image-box\" data-id=\"f36b5e3\" data-element_type=\"widget\" data-widget_type=\"image-box.default\">\n\t\t\t\t<div class=\"elementor-widget-container\">\n\t\t\t\t\t<div class=\"elementor-image-box-wrapper\"><div class=\"elementor-image-box-content\"><h3 class=\"elementor-image-box-title\"><a href=\"https:\/\/dijitalsayfam.com\/en\/ayse-yilmaz\/\" target=\"_blank\">Psikolog Ay\u015fe Y\u0131lmaz<\/a><\/h3><p class=\"elementor-image-box-description\">Doktorlar, avukatlar, diyetisyenler, dan\u0131\u015fmanlar, e\u011fitmenler, freelancerlar gibi t\u00fcm sekt\u00f6rlerdeki \u015fah\u0131slar ve ki\u015fisel markalar\u0131n kulland\u0131\u011f\u0131 \u00f6rnek websitelerden birini inceleyebilirsiniz. \u0130ncelemek i\u00e7in a\u015fa\u011f\u0131daki butona t\u0131klay\u0131n.<\/p><\/div><\/div>\t\t\t\t<\/div>\n\t\t\t\t<\/div>\n\t\t\t\t<div class=\"elementor-element elementor-element-17c5104 elementor-align-center elementor-widget elementor-widget-button\" data-id=\"17c5104\" data-element_type=\"widget\" data-widget_type=\"button.default\">\n\t\t\t\t<div class=\"elementor-widget-container\">\n\t\t\t\t\t\t\t\t\t<div class=\"elementor-button-wrapper\">\n\t\t\t\t\t<a class=\"elementor-button elementor-button-link elementor-size-sm\" href=\"https:\/\/dijitalsayfam.com\/en\/ayse-yilmaz\/\" target=\"_blank\">\n\t\t\t\t\t\t<span class=\"elementor-button-content-wrapper\">\n\t\t\t\t\t\t\t\t\t<span class=\"elementor-button-text\">Websiteyi \u0130ncele<\/span>\n\t\t\t\t\t<\/span>\n\t\t\t\t\t<\/a>\n\t\t\t\t<\/div>\n\t\t\t\t\t\t\t\t<\/div>\n\t\t\t\t<\/div>\n\t\t\t\t<\/div>\n\t\t<div class=\"elementor-element elementor-element-0d8727d e-flex e-con-boxed e-con e-child\" data-id=\"0d8727d\" data-element_type=\"container\">\n\t\t\t\t\t<div class=\"e-con-inner\">\n\t\t\t\t<div class=\"elementor-element elementor-element-5d08768 elementor-widget elementor-widget-image\" data-id=\"5d08768\" data-element_type=\"widget\" data-widget_type=\"image.default\">\n\t\t\t\t<div class=\"elementor-widget-container\">\n\t\t\t\t\t\t\t\t\t\t\t\t\t\t\t\t<a href=\"https:\/\/dijitalsayfam.com\/en\/nova-atalier\/\" target=\"_blank\">\n\t\t\t\t\t\t\t<img decoding=\"async\" width=\"640\" height=\"427\" src=\"https:\/\/dijitalsayfam.com\/wp-content\/uploads\/2025\/01\/pexels-kseniachernaya-3965551.jpg\" class=\"attachment-full size-full wp-image-3150\" alt=\"\" srcset=\"https:\/\/dijitalsayfam.com\/wp-content\/uploads\/2025\/01\/pexels-kseniachernaya-3965551.jpg 640w, https:\/\/dijitalsayfam.com\/wp-content\/uploads\/2025\/01\/pexels-kseniachernaya-3965551-300x200.jpg 300w, https:\/\/dijitalsayfam.com\/wp-content\/uploads\/2025\/01\/pexels-kseniachernaya-3965551-18x12.jpg 18w\" sizes=\"(max-width: 640px) 100vw, 640px\" \/>\t\t\t\t\t\t\t\t<\/a>\n\t\t\t\t\t\t\t\t\t\t\t\t\t\t\t<\/div>\n\t\t\t\t<\/div>\n\t\t\t\t<div class=\"elementor-element elementor-element-de04231 elementor-widget elementor-widget-image-box\" data-id=\"de04231\" data-element_type=\"widget\" data-widget_type=\"image-box.default\">\n\t\t\t\t<div class=\"elementor-widget-container\">\n\t\t\t\t\t<div class=\"elementor-image-box-wrapper\"><div class=\"elementor-image-box-content\"><h3 class=\"elementor-image-box-title\"><a href=\"https:\/\/dijitalsayfam.com\/en\/nova-atalier\/\" target=\"_blank\">Nova Atelier Store<\/a><\/h3><p class=\"elementor-image-box-description\">Ma\u011fazalar, d\u00fckkanlar, \u015firketler, b\u00fcrolar, salonlar, merkezler gibi t\u00fcm sekt\u00f6rlerdeki \u015fah\u0131slar ve ki\u015fisel markalar\u0131n kulland\u0131\u011f\u0131 \u00f6rnek websitelerden birini inceleyebilirsiniz. \u00d6rnek websitesini incelemek i\u00e7in a\u015fa\u011f\u0131daki butona t\u0131klay\u0131n.<\/p><\/div><\/div>\t\t\t\t<\/div>\n\t\t\t\t<\/div>\n\t\t\t\t<div class=\"elementor-element elementor-element-f5640ee elementor-align-center elementor-widget elementor-widget-button\" data-id=\"f5640ee\" data-element_type=\"widget\" data-widget_type=\"button.default\">\n\t\t\t\t<div class=\"elementor-widget-container\">\n\t\t\t\t\t\t\t\t\t<div class=\"elementor-button-wrapper\">\n\t\t\t\t\t<a class=\"elementor-button elementor-button-link elementor-size-sm\" href=\"https:\/\/dijitalsayfam.com\/en\/nova-atalier\/\" target=\"_blank\">\n\t\t\t\t\t\t<span class=\"elementor-button-content-wrapper\">\n\t\t\t\t\t\t\t\t\t<span class=\"elementor-button-text\">Websiteyi \u0130ncele<\/span>\n\t\t\t\t\t<\/span>\n\t\t\t\t\t<\/a>\n\t\t\t\t<\/div>\n\t\t\t\t\t\t\t\t<\/div>\n\t\t\t\t<\/div>\n\t\t\t\t\t<\/div>\n\t\t\t\t<\/div>\n\t\t\t\t\t<\/div>\n\t\t\t\t<\/div>\n\t\t\t\t<\/div>\n\t\t\t\t\t<\/div>\n\t\t\t\t<\/div>\n\t\t\t\t<\/div>","protected":false},"excerpt":{"rendered":"<p>\u00d6rnek Websitelerini \u0130nceleyin Websitenizin nas\u0131l g\u00f6z\u00fckece\u011fini g\u00f6rmek i\u00e7in a\u015fa\u011f\u0131daki \u00f6rnek siteleri inceleyebilirsiniz. Royal Restaurant Cafeler, restaurantlar, publar, oteller, e\u011flence mekanlar\u0131, kahve evleri gibi t\u00fcm sekt\u00f6rlerdeki i\u015fletmerin ve markalar\u0131n kulland\u0131\u011f\u0131 \u00f6rnek websitelerden birini inceleyebilirsiniz. \u00d6rnek websitesini incelemek i\u00e7in a\u015fa\u011f\u0131daki butona t\u0131klay\u0131n. Websiteyi \u0130ncele Psikolog Ay\u015fe Y\u0131lmaz Doktorlar, avukatlar, diyetisyenler, dan\u0131\u015fmanlar, e\u011fitmenler, freelancerlar gibi t\u00fcm sekt\u00f6rlerdeki \u015fah\u0131slar [&hellip;]<\/p>","protected":false},"author":1,"featured_media":0,"parent":0,"menu_order":0,"comment_status":"closed","ping_status":"closed","template":"","meta":{"site-sidebar-layout":"no-sidebar","site-content-layout":"page-builder","ast-site-content-layout":"full-width-container","site-content-style":"default","site-sidebar-style":"default","ast-global-header-display":"","ast-banner-title-visibility":"","ast-main-header-display":"","ast-hfb-above-header-display":"","ast-hfb-below-header-display":"","ast-hfb-mobile-header-display":"","site-post-title":"disabled","ast-breadcrumbs-content":"","ast-featured-img":"disabled","footer-sml-layout":"","theme-transparent-header-meta":"","adv-header-id-meta":"","stick-header-meta":"","header-above-stick-meta":"","header-main-stick-meta":"","header-below-stick-meta":"","astra-migrate-meta-layouts":"set","ast-page-background-enabled":"default","ast-page-background-meta":{"desktop":{"background-color":"var(--ast-global-color-4)","background-image":"","background-repeat":"repeat","background-position":"center center","background-size":"auto","background-attachment":"scroll","background-type":"","background-media":"","overlay-type":"","overlay-color":"","overlay-opacity":"","overlay-gradient":""},"tablet":{"background-color":"","background-image":"","background-repeat":"repeat","background-position":"center center","background-size":"auto","background-attachment":"scroll","background-type":"","background-media":"","overlay-type":"","overlay-color":"","overlay-opacity":"","overlay-gradient":""},"mobile":{"background-color":"","background-image":"","background-repeat":"repeat","background-position":"center center","background-size":"auto","background-attachment":"scroll","background-type":"","background-media":"","overlay-type":"","overlay-color":"","overlay-opacity":"","overlay-gradient":""}},"ast-content-background-meta":{"desktop":{"background-color":"var(--ast-global-color-5)","background-image":"","background-repeat":"repeat","background-position":"center center","background-size":"auto","background-attachment":"scroll","background-type":"","background-media":"","overlay-type":"","overlay-color":"","overlay-opacity":"","overlay-gradient":""},"tablet":{"background-color":"var(--ast-global-color-5)","background-image":"","background-repeat":"repeat","background-position":"center center","background-size":"auto","background-attachment":"scroll","background-type":"","background-media":"","overlay-type":"","overlay-color":"","overlay-opacity":"","overlay-gradient":""},"mobile":{"background-color":"var(--ast-global-color-5)","background-image":"","background-repeat":"repeat","background-position":"center center","background-size":"auto","background-attachment":"scroll","background-type":"","background-media":"","overlay-type":"","overlay-color":"","overlay-opacity":"","overlay-gradient":""}},"footnotes":""},"class_list":["post-3897","page","type-page","status-publish","hentry"],"_links":{"self":[{"href":"https:\/\/dijitalsayfam.com\/en\/wp-json\/wp\/v2\/pages\/3897","targetHints":{"allow":["GET"]}}],"collection":[{"href":"https:\/\/dijitalsayfam.com\/en\/wp-json\/wp\/v2\/pages"}],"about":[{"href":"https:\/\/dijitalsayfam.com\/en\/wp-json\/wp\/v2\/types\/page"}],"author":[{"embeddable":true,"href":"https:\/\/dijitalsayfam.com\/en\/wp-json\/wp\/v2\/users\/1"}],"replies":[{"embeddable":true,"href":"https:\/\/dijitalsayfam.com\/en\/wp-json\/wp\/v2\/comments?post=3897"}],"version-history":[{"count":13,"href":"https:\/\/dijitalsayfam.com\/en\/wp-json\/wp\/v2\/pages\/3897\/revisions"}],"predecessor-version":[{"id":3933,"href":"https:\/\/dijitalsayfam.com\/en\/wp-json\/wp\/v2\/pages\/3897\/revisions\/3933"}],"wp:attachment":[{"href":"https:\/\/dijitalsayfam.com\/en\/wp-json\/wp\/v2\/media?parent=3897"}],"curies":[{"name":"wp","href":"https:\/\/api.w.org\/{rel}","templated":true}]}}