{"id":2690,"date":"2025-01-22T15:48:17","date_gmt":"2025-01-22T12:48:17","guid":{"rendered":"https:\/\/qr.carboncodetechnology.com\/about\/"},"modified":"2025-03-20T14:49:42","modified_gmt":"2025-03-20T11:49:42","slug":"hakkimizda","status":"publish","type":"page","link":"https:\/\/dijitalsayfam.com\/en\/hakkimizda\/","title":{"rendered":"Hakk\u0131m\u0131zda"},"content":{"rendered":"<div data-elementor-type=\"wp-page\" data-elementor-id=\"2690\" class=\"elementor elementor-2690\">\n\t\t\t\t<div class=\"elementor-element elementor-element-dcfb448 e-flex e-con-boxed e-con e-parent\" data-id=\"dcfb448\" data-element_type=\"container\" data-settings=\"{&quot;background_background&quot;:&quot;classic&quot;}\">\n\t\t\t\t\t<div class=\"e-con-inner\">\n\t\t<div class=\"elementor-element elementor-element-d21b7e0 e-flex e-con-boxed e-con e-child\" data-id=\"d21b7e0\" data-element_type=\"container\">\n\t\t\t\t\t<div class=\"e-con-inner\">\n\t\t\t\t<div class=\"elementor-element elementor-element-e9fd9dc elementor-widget elementor-widget-heading\" data-id=\"e9fd9dc\" data-element_type=\"widget\" data-widget_type=\"heading.default\">\n\t\t\t\t<div class=\"elementor-widget-container\">\n\t\t\t\t\t<h1 class=\"elementor-heading-title elementor-size-default\">Hakk\u0131m\u0131zda<\/h1>\t\t\t\t<\/div>\n\t\t\t\t<\/div>\n\t\t\t\t\t<\/div>\n\t\t\t\t<\/div>\n\t\t\t\t\t<\/div>\n\t\t\t\t<\/div>\n\t\t<div class=\"elementor-element elementor-element-500861b e-flex e-con-boxed e-con e-parent\" data-id=\"500861b\" data-element_type=\"container\">\n\t\t\t\t\t<div class=\"e-con-inner\">\n\t\t<div class=\"elementor-element elementor-element-7dbc6fb e-con-full e-flex e-con e-child\" data-id=\"7dbc6fb\" data-element_type=\"container\">\n\t\t\t\t<div class=\"elementor-element elementor-element-db552e4 elementor-widget elementor-widget-text-editor\" data-id=\"db552e4\" data-element_type=\"widget\" data-widget_type=\"text-editor.default\">\n\t\t\t\t<div class=\"elementor-widget-container\">\n\t\t\t\t\t\t\t\t\t<p data-start=\"129\" data-end=\"448\">DijitalSayfam.com, <strong data-start=\"148\" data-end=\"173\">CarbonCode Technology<\/strong> \u015firketinin bir i\u015ftiraki olarak, i\u015fletmelerin ve ki\u015fisel markalar\u0131n dijital d\u00fcnyada varl\u0131k g\u00f6stermelerini kolayla\u015ft\u0131ran yenilik\u00e7i bir platformdur. Amac\u0131m\u0131z, kullan\u0131c\u0131lar\u0131m\u0131za <strong data-start=\"348\" data-end=\"393\">en h\u0131zl\u0131, maliyetsiz, g\u00fcvenilir ve pratik<\/strong> \u015fekilde bir web sitesi sahibi olma imkan\u0131 sunmakt\u0131r.<\/p><p data-start=\"129\" data-end=\"448\">\u00a0<\/p><p data-start=\"450\" data-end=\"892\">Dijital \u00e7a\u011fda bir web sitesi, sadece bir vitrin de\u011fil, ayn\u0131 zamanda markalar\u0131n kimli\u011fini yans\u0131tan en \u00f6nemli unsurlardan biridir. <strong data-start=\"579\" data-end=\"600\">DijitalSayfam.com<\/strong>, sundu\u011fu esnek ve kullan\u0131c\u0131 dostu \u00e7\u00f6z\u00fcmlerle, i\u015fletmelerin ve bireylerin profesyonel bir web sitesine zahmetsizce sahip olmalar\u0131n\u0131 sa\u011flar. Bug\u00fcne kadar <strong data-start=\"753\" data-end=\"784\">y\u00fczlerce marka ve i\u015fletmeye<\/strong> hizmet vererek, onlar\u0131n dijitalde g\u00fc\u00e7l\u00fc bir yer edinmelerine katk\u0131da bulunduk ve b\u00fcy\u00fcmeye devam ediyoruz.<\/p><p data-start=\"450\" data-end=\"892\">\u00a0<\/p><p data-start=\"927\" data-end=\"1172\"><strong data-start=\"927\" data-end=\"952\">CarbonCode Technology<\/strong>, yaz\u0131l\u0131m ve teknoloji alan\u0131nda uzmanla\u015fm\u0131\u015f, yenilik\u00e7i \u00e7\u00f6z\u00fcmler sunan bir teknoloji \u015firketidir. M\u00fc\u015fterilerine \u00f6zel olarak geli\u015ftirdi\u011fi <strong data-start=\"1087\" data-end=\"1114\">web ve mobil yaz\u0131l\u0131mlar<\/strong> ile i\u015fletmelerin dijital d\u00f6n\u00fc\u015f\u00fcm s\u00fcre\u00e7lerini destekler.<\/p><p data-start=\"927\" data-end=\"1172\">\u00a0<\/p><p data-start=\"1174\" data-end=\"1542\">Bununla birlikte, CarbonCode Technology yaln\u0131zca yaz\u0131l\u0131m hizmetleriyle s\u0131n\u0131rl\u0131 kalmaz; <strong data-start=\"1261\" data-end=\"1337\">dijital pazarlama, reklam ve tan\u0131t\u0131m faaliyetleri, sosyal medya y\u00f6netimi<\/strong> gibi ek hizmetlerle markalar\u0131n daha geni\u015f kitlelere ula\u015fmas\u0131na yard\u0131mc\u0131 olur. Teknolojiyi ve pazarlama stratejilerini bir araya getirerek, i\u015fletmelerin s\u00fcrd\u00fcr\u00fclebilir bir b\u00fcy\u00fcme sa\u011flamas\u0131na katk\u0131 sunar.<\/p><p data-start=\"1174\" data-end=\"1542\">\u00a0<\/p><p data-start=\"1544\" data-end=\"1646\">Dijital d\u00fcnyada yerinizi almak ve g\u00fc\u00e7l\u00fc bir ba\u015flang\u0131\u00e7 yapmak i\u00e7in <strong data-start=\"1610\" data-end=\"1631\">DijitalSayfam.com<\/strong> ile tan\u0131\u015f\u0131n!<\/p>\t\t\t\t\t\t\t\t<\/div>\n\t\t\t\t<\/div>\n\t\t\t\t<div class=\"elementor-element elementor-element-6658dc9 elementor-widget elementor-widget-heading\" data-id=\"6658dc9\" data-element_type=\"widget\" data-widget_type=\"heading.default\">\n\t\t\t\t<div class=\"elementor-widget-container\">\n\t\t\t\t\t<h4 class=\"elementor-heading-title elementor-size-default\">Dijitalsayfam.com platformu CarbonCode Technology \u015firketinin bir i\u015ftirakidir.<\/h4>\t\t\t\t<\/div>\n\t\t\t\t<\/div>\n\t\t<div class=\"elementor-element elementor-element-1eaf22b e-con-full e-flex e-con e-child\" data-id=\"1eaf22b\" data-element_type=\"container\">\n\t\t\t\t<div class=\"elementor-element elementor-element-e74e0bd elementor-widget elementor-widget-text-editor\" data-id=\"e74e0bd\" data-element_type=\"widget\" data-widget_type=\"text-editor.default\">\n\t\t\t\t<div class=\"elementor-widget-container\">\n\t\t\t\t\t\t\t\t\t<a href=\"https:\/\/carboncodetechnology.com\/\" target=\"_blank\" rel=\"noopener\">CarbonCode Technology websitesini ziyaret etmek i\u00e7in l\u00fctfen t\u0131klay\u0131n.<\/a>\t\t\t\t\t\t\t\t<\/div>\n\t\t\t\t<\/div>\n\t\t\t\t<div class=\"elementor-element elementor-element-45e181b elementor-view-default elementor-widget elementor-widget-icon\" data-id=\"45e181b\" data-element_type=\"widget\" data-widget_type=\"icon.default\">\n\t\t\t\t<div class=\"elementor-widget-container\">\n\t\t\t\t\t\t\t<div class=\"elementor-icon-wrapper\">\n\t\t\t<a class=\"elementor-icon\" href=\"https:\/\/carboncodetechnology.com\/\" target=\"_blank\">\n\t\t\t<svg aria-hidden=\"true\" class=\"e-font-icon-svg e-fas-external-link-alt\" viewbox=\"0 0 512 512\" xmlns=\"http:\/\/www.w3.org\/2000\/svg\"><path d=\"M432,320H400a16,16,0,0,0-16,16V448H64V128H208a16,16,0,0,0,16-16V80a16,16,0,0,0-16-16H48A48,48,0,0,0,0,112V464a48,48,0,0,0,48,48H400a48,48,0,0,0,48-48V336A16,16,0,0,0,432,320ZM488,0h-128c-21.37,0-32.05,25.91-17,41l35.73,35.73L135,320.37a24,24,0,0,0,0,34L157.67,377a24,24,0,0,0,34,0L435.28,133.32,471,169c15,15,41,4.5,41-17V24A24,24,0,0,0,488,0Z\"><\/path><\/svg>\t\t\t<\/a>\n\t\t<\/div>\n\t\t\t\t\t\t<\/div>\n\t\t\t\t<\/div>\n\t\t\t\t<\/div>\n\t\t\t\t<\/div>\n\t\t\t\t\t<\/div>\n\t\t\t\t<\/div>\n\t\t<div class=\"elementor-element elementor-element-ba46aa4 e-flex e-con-boxed e-con e-parent\" data-id=\"ba46aa4\" data-element_type=\"container\" data-settings=\"{&quot;background_background&quot;:&quot;classic&quot;}\">\n\t\t\t\t\t<div class=\"e-con-inner\">\n\t\t<div class=\"elementor-element elementor-element-920e714 e-con-full e-flex e-con e-child\" data-id=\"920e714\" data-element_type=\"container\">\n\t\t\t\t<\/div>\n\t\t<div class=\"elementor-element elementor-element-94092f7 e-con-full e-flex e-con e-child\" data-id=\"94092f7\" data-element_type=\"container\">\n\t\t\t\t<div class=\"elementor-element elementor-element-aad1e15 elementor-widget elementor-widget-image\" data-id=\"aad1e15\" data-element_type=\"widget\" data-widget_type=\"image.default\">\n\t\t\t\t<div class=\"elementor-widget-container\">\n\t\t\t\t\t\t\t\t\t\t\t\t\t\t\t<img decoding=\"async\" src=\"https:\/\/dijitalsayfam.com\/wp-content\/uploads\/2021\/11\/quotes.svg\" class=\"attachment-full size-full wp-image-117\" alt=\"\" \/>\t\t\t\t\t\t\t\t\t\t\t\t\t\t\t<\/div>\n\t\t\t\t<\/div>\n\t\t\t\t<div class=\"elementor-element elementor-element-7f86a88 elementor-widget elementor-widget-heading\" data-id=\"7f86a88\" data-element_type=\"widget\" data-widget_type=\"heading.default\">\n\t\t\t\t<div class=\"elementor-widget-container\">\n\t\t\t\t\t<h4 class=\"elementor-heading-title elementor-size-default\">Dakikalar i\u00e7inde, uygun fiyatl\u0131, profesyonel websitelerine sahip olman\u0131n ayr\u0131cal\u0131\u011f\u0131n\u0131 ya\u015fay\u0131n!<\/h4>\t\t\t\t<\/div>\n\t\t\t\t<\/div>\n\t\t\t\t<div class=\"elementor-element elementor-element-d503280 elementor-widget elementor-widget-image\" data-id=\"d503280\" data-element_type=\"widget\" data-widget_type=\"image.default\">\n\t\t\t\t<div class=\"elementor-widget-container\">\n\t\t\t\t\t\t\t\t\t\t\t\t\t\t\t<img fetchpriority=\"high\" decoding=\"async\" width=\"863\" height=\"100\" src=\"https:\/\/dijitalsayfam.com\/wp-content\/uploads\/2025\/02\/cropped-dijitalsayfam_yataylogo.png\" class=\"attachment-full size-full wp-image-3527\" alt=\"\" srcset=\"https:\/\/dijitalsayfam.com\/wp-content\/uploads\/2025\/02\/cropped-dijitalsayfam_yataylogo.png 863w, https:\/\/dijitalsayfam.com\/wp-content\/uploads\/2025\/02\/cropped-dijitalsayfam_yataylogo-300x35.png 300w, https:\/\/dijitalsayfam.com\/wp-content\/uploads\/2025\/02\/cropped-dijitalsayfam_yataylogo-768x89.png 768w, https:\/\/dijitalsayfam.com\/wp-content\/uploads\/2025\/02\/cropped-dijitalsayfam_yataylogo-18x2.png 18w, https:\/\/dijitalsayfam.com\/wp-content\/uploads\/2025\/02\/cropped-dijitalsayfam_yataylogo-170x20.png 170w\" sizes=\"(max-width: 863px) 100vw, 863px\" \/>\t\t\t\t\t\t\t\t\t\t\t\t\t\t\t<\/div>\n\t\t\t\t<\/div>\n\t\t\t\t<\/div>\n\t\t<div class=\"elementor-element elementor-element-0bd015f e-con-full e-flex e-con e-child\" data-id=\"0bd015f\" data-element_type=\"container\">\n\t\t\t\t<\/div>\n\t\t\t\t\t<\/div>\n\t\t\t\t<\/div>\n\t\t\t\t<\/div>","protected":false},"excerpt":{"rendered":"<p>Hakk\u0131m\u0131zda DijitalSayfam.com, CarbonCode Technology \u015firketinin bir i\u015ftiraki olarak, i\u015fletmelerin ve ki\u015fisel markalar\u0131n dijital d\u00fcnyada varl\u0131k g\u00f6stermelerini kolayla\u015ft\u0131ran yenilik\u00e7i bir platformdur. Amac\u0131m\u0131z, kullan\u0131c\u0131lar\u0131m\u0131za en h\u0131zl\u0131, maliyetsiz, g\u00fcvenilir ve pratik \u015fekilde bir web sitesi sahibi olma imkan\u0131 sunmakt\u0131r. \u00a0 Dijital \u00e7a\u011fda bir web sitesi, sadece bir vitrin de\u011fil, ayn\u0131 zamanda markalar\u0131n kimli\u011fini yans\u0131tan en \u00f6nemli unsurlardan biridir. [&hellip;]<\/p>","protected":false},"author":1,"featured_media":0,"parent":0,"menu_order":0,"comment_status":"closed","ping_status":"closed","template":"","meta":{"site-sidebar-layout":"no-sidebar","site-content-layout":"page-builder","ast-site-content-layout":"full-width-container","site-content-style":"unboxed","site-sidebar-style":"unboxed","ast-global-header-display":"","ast-banner-title-visibility":"","ast-main-header-display":"","ast-hfb-above-header-display":"","ast-hfb-below-header-display":"","ast-hfb-mobile-header-display":"","site-post-title":"disabled","ast-breadcrumbs-content":"","ast-featured-img":"disabled","footer-sml-layout":"","theme-transparent-header-meta":"enabled","adv-header-id-meta":"","stick-header-meta":"","header-above-stick-meta":"","header-main-stick-meta":"","header-below-stick-meta":"","astra-migrate-meta-layouts":"set","ast-page-background-enabled":"default","ast-page-background-meta":{"desktop":{"background-color":"var(--ast-global-color-4)","background-image":"","background-repeat":"repeat","background-position":"center center","background-size":"auto","background-attachment":"scroll","background-type":"","background-media":"","overlay-type":"","overlay-color":"","overlay-opacity":"","overlay-gradient":""},"tablet":{"background-color":"","background-image":"","background-repeat":"repeat","background-position":"center center","background-size":"auto","background-attachment":"scroll","background-type":"","background-media":"","overlay-type":"","overlay-color":"","overlay-opacity":"","overlay-gradient":""},"mobile":{"background-color":"","background-image":"","background-repeat":"repeat","background-position":"center center","background-size":"auto","background-attachment":"scroll","background-type":"","background-media":"","overlay-type":"","overlay-color":"","overlay-opacity":"","overlay-gradient":""}},"ast-content-background-meta":{"desktop":{"background-color":"var(--ast-global-color-5)","background-image":"","background-repeat":"repeat","background-position":"center center","background-size":"auto","background-attachment":"scroll","background-type":"","background-media":"","overlay-type":"","overlay-color":"","overlay-opacity":"","overlay-gradient":""},"tablet":{"background-color":"var(--ast-global-color-5)","background-image":"","background-repeat":"repeat","background-position":"center center","background-size":"auto","background-attachment":"scroll","background-type":"","background-media":"","overlay-type":"","overlay-color":"","overlay-opacity":"","overlay-gradient":""},"mobile":{"background-color":"var(--ast-global-color-5)","background-image":"","background-repeat":"repeat","background-position":"center center","background-size":"auto","background-attachment":"scroll","background-type":"","background-media":"","overlay-type":"","overlay-color":"","overlay-opacity":"","overlay-gradient":""}},"footnotes":""},"class_list":["post-2690","page","type-page","status-publish","hentry"],"_links":{"self":[{"href":"https:\/\/dijitalsayfam.com\/en\/wp-json\/wp\/v2\/pages\/2690","targetHints":{"allow":["GET"]}}],"collection":[{"href":"https:\/\/dijitalsayfam.com\/en\/wp-json\/wp\/v2\/pages"}],"about":[{"href":"https:\/\/dijitalsayfam.com\/en\/wp-json\/wp\/v2\/types\/page"}],"author":[{"embeddable":true,"href":"https:\/\/dijitalsayfam.com\/en\/wp-json\/wp\/v2\/users\/1"}],"replies":[{"embeddable":true,"href":"https:\/\/dijitalsayfam.com\/en\/wp-json\/wp\/v2\/comments?post=2690"}],"version-history":[{"count":38,"href":"https:\/\/dijitalsayfam.com\/en\/wp-json\/wp\/v2\/pages\/2690\/revisions"}],"predecessor-version":[{"id":3952,"href":"https:\/\/dijitalsayfam.com\/en\/wp-json\/wp\/v2\/pages\/2690\/revisions\/3952"}],"wp:attachment":[{"href":"https:\/\/dijitalsayfam.com\/en\/wp-json\/wp\/v2\/media?parent=2690"}],"curies":[{"name":"wp","href":"https:\/\/api.w.org\/{rel}","templated":true}]}}